{"id":611,"date":"2020-05-29T10:49:38","date_gmt":"2020-05-29T13:49:38","guid":{"rendered":"https:\/\/bardomeionoronha.com\/lojadobar\/?post_type=product&#038;p=611"},"modified":"2021-06-11T15:27:04","modified_gmt":"2021-06-11T18:27:04","slug":"balde-de-coronha","status":"publish","type":"product","link":"https:\/\/bardomeionoronha.com\/lojadobar\/produto\/balde-de-coronha\/","title":{"rendered":"BALDE DE CORONA"},"content":{"rendered":"<p>obs: voc\u00ea pode pedir na mesa ou pode consumir na praia. Apenas pedimos que n\u00e3o polua o meio ambiente, \u00e1rea de preserva\u00e7\u00e3o ambiental. valor sujeito \u00e0 altera\u00e7\u00e3o<\/p>\n","protected":false},"excerpt":{"rendered":"<p>Um balde gelado com 5 cervejas Coronas<\/p>\n","protected":false},"featured_media":612,"comment_status":"open","ping_status":"closed","template":"","meta":{"_exactmetrics_skip_tracking":false,"_exactmetrics_sitenote_active":false,"_exactmetrics_sitenote_note":"","_exactmetrics_sitenote_category":0},"product_brand":[],"product_cat":[35,37],"product_tag":[],"class_list":{"0":"post-611","1":"product","2":"type-product","3":"status-publish","4":"has-post-thumbnail","6":"product_cat-bebidas","7":"product_cat-comidas-e-bebidas","9":"first","10":"outofstock","11":"taxable","12":"shipping-taxable","13":"product-type-simple"},"_links":{"self":[{"href":"https:\/\/bardomeionoronha.com\/lojadobar\/wp-json\/wp\/v2\/product\/611","targetHints":{"allow":["GET"]}}],"collection":[{"href":"https:\/\/bardomeionoronha.com\/lojadobar\/wp-json\/wp\/v2\/product"}],"about":[{"href":"https:\/\/bardomeionoronha.com\/lojadobar\/wp-json\/wp\/v2\/types\/product"}],"replies":[{"embeddable":true,"href":"https:\/\/bardomeionoronha.com\/lojadobar\/wp-json\/wp\/v2\/comments?post=611"}],"wp:featuredmedia":[{"embeddable":true,"href":"https:\/\/bardomeionoronha.com\/lojadobar\/wp-json\/wp\/v2\/media\/612"}],"wp:attachment":[{"href":"https:\/\/bardomeionoronha.com\/lojadobar\/wp-json\/wp\/v2\/media?parent=611"}],"wp:term":[{"taxonomy":"product_brand","embeddable":true,"href":"https:\/\/bardomeionoronha.com\/lojadobar\/wp-json\/wp\/v2\/product_brand?post=611"},{"taxonomy":"product_cat","embeddable":true,"href":"https:\/\/bardomeionoronha.com\/lojadobar\/wp-json\/wp\/v2\/product_cat?post=611"},{"taxonomy":"product_tag","embeddable":true,"href":"https:\/\/bardomeionoronha.com\/lojadobar\/wp-json\/wp\/v2\/product_tag?post=611"}],"curies":[{"name":"wp","href":"https:\/\/api.w.org\/{rel}","templated":true}]}}