{"id":590,"date":"2020-05-28T18:14:39","date_gmt":"2020-05-28T21:14:39","guid":{"rendered":"https:\/\/bardomeionoronha.com\/lojadobar\/?post_type=product&#038;p=590"},"modified":"2021-11-29T19:16:33","modified_gmt":"2021-11-29T22:16:33","slug":"evento-ate-25-pessoas","status":"publish","type":"product","link":"https:\/\/bardomeionoronha.com\/lojadobar\/produto\/evento-ate-25-pessoas\/","title":{"rendered":"DECK EVENTO AT\u00c9 25 P\/ BM"},"content":{"rendered":"<p><a href=\"https:\/\/api.whatsapp.com\/send?1=pt_BR&amp;phone=558197006528\">LOJA DO BAR DESATIVADA, fa\u00e7a via WhatsApp<\/a><\/p>\n<p>Espa\u00e7o Praia \u2022 deck no 1\u00aa andar, em frente ao palco, com 6 mesas e 14 cadeiras com encosto. Capacidade de at\u00e9 25 pessoas.<\/p>\n","protected":false},"excerpt":{"rendered":"<div>\n<div>\n<p><a href=\"https:\/\/api.whatsapp.com\/send?1=pt_BR&amp;phone=558197006528\">LOJA DO BAR DESATIVADA, fa\u00e7a via WhatsApp<\/a><\/p>\n<p>Com gar\u00e7om exclusivo, localizado no 1\u00ba andar, \u00e9 perfeito para evento de at\u00e9 25 convidados. Com vista de at\u00e9 120 graus, alcan\u00e7a a Praia do Meio e Concei\u00e7\u00e3o, pr\u00f3xima ao novo point do bar que \u00e9 o banco em baixo da \u00e1rvore Flamboyant.<\/p>\n<p>Caso desejado, chegue 30 minutos antes para decorar seu espa\u00e7o. N\u00e3o nos responsabilizamos por decora\u00e7\u00e3o, bolo ou doces.<\/p>\n<p>O valor cobrado \u00e9 convertido em consuma\u00e7\u00e3o m\u00ednima. Ao ultrapassar o mesmo o restante \u00e9 cobrado no local.<\/p>\n<div>A reserva fica dispon\u00edvel a partir das 13h at\u00e9 \u00e0s 18h. Ap\u00f3s este hor\u00e1rio n\u00e3o garantimos seu espa\u00e7o. card\u00e1pio online <a href=\"http:\/\/bardomeionoronha.com\/cardapio\" target=\"_blank\" rel=\"noopener\">http:\/\/bardomeionoronha.com\/cardapio\u00a0<\/a><\/div>\n<\/div>\n<\/div>\n","protected":false},"featured_media":1255,"comment_status":"open","ping_status":"closed","template":"","meta":{"_exactmetrics_skip_tracking":false,"_exactmetrics_sitenote_active":false,"_exactmetrics_sitenote_note":"","_exactmetrics_sitenote_category":0},"product_brand":[],"product_cat":[62,65,15],"product_tag":[],"class_list":{"0":"post-590","1":"product","2":"type-product","3":"status-publish","4":"has-post-thumbnail","6":"product_cat-deck","7":"product_cat-eventos","8":"product_cat-servicos","10":"first","11":"instock","12":"virtual","13":"taxable","14":"purchasable","15":"product-type-phive_booking"},"_links":{"self":[{"href":"https:\/\/bardomeionoronha.com\/lojadobar\/wp-json\/wp\/v2\/product\/590","targetHints":{"allow":["GET"]}}],"collection":[{"href":"https:\/\/bardomeionoronha.com\/lojadobar\/wp-json\/wp\/v2\/product"}],"about":[{"href":"https:\/\/bardomeionoronha.com\/lojadobar\/wp-json\/wp\/v2\/types\/product"}],"replies":[{"embeddable":true,"href":"https:\/\/bardomeionoronha.com\/lojadobar\/wp-json\/wp\/v2\/comments?post=590"}],"wp:featuredmedia":[{"embeddable":true,"href":"https:\/\/bardomeionoronha.com\/lojadobar\/wp-json\/wp\/v2\/media\/1255"}],"wp:attachment":[{"href":"https:\/\/bardomeionoronha.com\/lojadobar\/wp-json\/wp\/v2\/media?parent=590"}],"wp:term":[{"taxonomy":"product_brand","embeddable":true,"href":"https:\/\/bardomeionoronha.com\/lojadobar\/wp-json\/wp\/v2\/product_brand?post=590"},{"taxonomy":"product_cat","embeddable":true,"href":"https:\/\/bardomeionoronha.com\/lojadobar\/wp-json\/wp\/v2\/product_cat?post=590"},{"taxonomy":"product_tag","embeddable":true,"href":"https:\/\/bardomeionoronha.com\/lojadobar\/wp-json\/wp\/v2\/product_tag?post=590"}],"curies":[{"name":"wp","href":"https:\/\/api.w.org\/{rel}","templated":true}]}}