{"id":535,"date":"2020-05-27T16:18:03","date_gmt":"2020-05-27T19:18:03","guid":{"rendered":"https:\/\/bardomeionoronha.com\/lojadobar\/?post_type=product&#038;p=535"},"modified":"2021-11-30T06:39:03","modified_gmt":"2021-11-30T09:39:03","slug":"rolha-para-vinhos","status":"publish","type":"product","link":"https:\/\/bardomeionoronha.com\/lojadobar\/produto\/rolha-para-vinhos\/","title":{"rendered":"ROLHA PARA VINHOS BM"},"content":{"rendered":"<p>rolha para vinhos<\/p>\n","protected":false},"excerpt":{"rendered":"<p>S\u00e3o cobrados R$ 150,00 para garrafas de vinho que n\u00e3o s\u00e3o da casa.<\/p>\n","protected":false},"featured_media":603,"comment_status":"open","ping_status":"closed","template":"","meta":{"_exactmetrics_skip_tracking":false,"_exactmetrics_sitenote_active":false,"_exactmetrics_sitenote_note":"","_exactmetrics_sitenote_category":0},"product_brand":[],"product_cat":[64],"product_tag":[],"class_list":{"0":"post-535","1":"product","2":"type-product","3":"status-publish","4":"has-post-thumbnail","6":"product_cat-rolhas","8":"first","9":"outofstock","10":"virtual","11":"taxable","12":"purchasable","13":"product-type-simple"},"_links":{"self":[{"href":"https:\/\/bardomeionoronha.com\/lojadobar\/wp-json\/wp\/v2\/product\/535","targetHints":{"allow":["GET"]}}],"collection":[{"href":"https:\/\/bardomeionoronha.com\/lojadobar\/wp-json\/wp\/v2\/product"}],"about":[{"href":"https:\/\/bardomeionoronha.com\/lojadobar\/wp-json\/wp\/v2\/types\/product"}],"replies":[{"embeddable":true,"href":"https:\/\/bardomeionoronha.com\/lojadobar\/wp-json\/wp\/v2\/comments?post=535"}],"wp:featuredmedia":[{"embeddable":true,"href":"https:\/\/bardomeionoronha.com\/lojadobar\/wp-json\/wp\/v2\/media\/603"}],"wp:attachment":[{"href":"https:\/\/bardomeionoronha.com\/lojadobar\/wp-json\/wp\/v2\/media?parent=535"}],"wp:term":[{"taxonomy":"product_brand","embeddable":true,"href":"https:\/\/bardomeionoronha.com\/lojadobar\/wp-json\/wp\/v2\/product_brand?post=535"},{"taxonomy":"product_cat","embeddable":true,"href":"https:\/\/bardomeionoronha.com\/lojadobar\/wp-json\/wp\/v2\/product_cat?post=535"},{"taxonomy":"product_tag","embeddable":true,"href":"https:\/\/bardomeionoronha.com\/lojadobar\/wp-json\/wp\/v2\/product_tag?post=535"}],"curies":[{"name":"wp","href":"https:\/\/api.w.org\/{rel}","templated":true}]}}