{"id":445,"date":"2019-12-16T17:36:42","date_gmt":"2019-12-16T20:36:42","guid":{"rendered":"https:\/\/bardomeionoronha.com\/lojadobar\/?post_type=product&#038;p=445"},"modified":"2021-11-29T19:24:24","modified_gmt":"2021-11-29T22:24:24","slug":"deck3","status":"publish","type":"product","link":"https:\/\/bardomeionoronha.com\/lojadobar\/produto\/deck3\/","title":{"rendered":"DECK 3 EVENTO AT\u00c9 10\/P BM"},"content":{"rendered":"<div><a href=\"https:\/\/api.whatsapp.com\/send?1=pt_BR&amp;phone=558197006528\">LOJA DO BAR DESATIVADA, fa\u00e7a via WhatsApp<\/a><\/div>\n<p>Espa\u00e7o Praia \u2022 deck no 2\u00ba andar, \u00faltimo de todos, o mais pr\u00f3ximo da natureza. Capacidade de at\u00e9 10 pessoas.<\/p>\n","protected":false},"excerpt":{"rendered":"<div>\n<div>\n<div>\n<p><a href=\"https:\/\/api.whatsapp.com\/send?1=pt_BR&amp;phone=558197006528\">LOJA DO BAR DESATIVADA, fa\u00e7a via WhatsApp<\/a><\/p>\n<p>Com gar\u00e7om exclusivo, localizado no 2\u00ba andar, \u00e9 o \u00faltimo da ponta esquerda. Perfeito para mais privacidade e um p\u00f4r do sol particular. A 7 metros do banheiro, \u00e9 um pouco menor que o deck 2. Tem capacidade para at\u00e9 10 pessoas, onde possui 1 sof\u00e1, 1 mesinha, 5 almofadas, 3 cadeiras e uma ilumina\u00e7\u00e3o interna, planejada para proporcionar uma atmosfera \u00fanica.<\/p>\n<p>Caso desejado, chegue 30 minutos antes para decorar seu espa\u00e7o. N\u00e3o nos responsabilizamos por decora\u00e7\u00e3o, bolo ou doces.<\/p>\n<\/div>\n<div>\n<p>O valor cobrado \u00e9 convertido em consuma\u00e7\u00e3o. Ao ultrapassar o mesmo, o restante \u00e9 cobrado no local.<\/p>\n<div>A reserva fica dispon\u00edvel a partir das 13h at\u00e9 \u00e0s 18h. Ap\u00f3s este hor\u00e1rio n\u00e3o garantimos seu espa\u00e7o. (deck 62) card\u00e1pio online\u00a0<a href=\"http:\/\/bardomeionoronha.com\/cardapio\" target=\"_blank\" rel=\"noopener\">http:\/\/bardomeionoronha.com\/cardapio\u00a0<\/a><\/div>\n<\/div>\n<\/div>\n<\/div>\n","protected":false},"featured_media":540,"comment_status":"open","ping_status":"closed","template":"","meta":{"_exactmetrics_skip_tracking":false,"_exactmetrics_sitenote_active":false,"_exactmetrics_sitenote_note":"","_exactmetrics_sitenote_category":0},"product_brand":[],"product_cat":[62,65,15],"product_tag":[71,68,78,70],"class_list":{"0":"post-445","1":"product","2":"type-product","3":"status-publish","4":"has-post-thumbnail","6":"product_cat-deck","7":"product_cat-eventos","8":"product_cat-servicos","9":"product_tag-bardomeio","10":"product_tag-bardomeionoronha","11":"product_tag-deckbardomeio","12":"product_tag-pordosolbardomeio","14":"first","15":"instock","16":"virtual","17":"taxable","18":"purchasable","19":"product-type-phive_booking"},"_links":{"self":[{"href":"https:\/\/bardomeionoronha.com\/lojadobar\/wp-json\/wp\/v2\/product\/445","targetHints":{"allow":["GET"]}}],"collection":[{"href":"https:\/\/bardomeionoronha.com\/lojadobar\/wp-json\/wp\/v2\/product"}],"about":[{"href":"https:\/\/bardomeionoronha.com\/lojadobar\/wp-json\/wp\/v2\/types\/product"}],"replies":[{"embeddable":true,"href":"https:\/\/bardomeionoronha.com\/lojadobar\/wp-json\/wp\/v2\/comments?post=445"}],"wp:featuredmedia":[{"embeddable":true,"href":"https:\/\/bardomeionoronha.com\/lojadobar\/wp-json\/wp\/v2\/media\/540"}],"wp:attachment":[{"href":"https:\/\/bardomeionoronha.com\/lojadobar\/wp-json\/wp\/v2\/media?parent=445"}],"wp:term":[{"taxonomy":"product_brand","embeddable":true,"href":"https:\/\/bardomeionoronha.com\/lojadobar\/wp-json\/wp\/v2\/product_brand?post=445"},{"taxonomy":"product_cat","embeddable":true,"href":"https:\/\/bardomeionoronha.com\/lojadobar\/wp-json\/wp\/v2\/product_cat?post=445"},{"taxonomy":"product_tag","embeddable":true,"href":"https:\/\/bardomeionoronha.com\/lojadobar\/wp-json\/wp\/v2\/product_tag?post=445"}],"curies":[{"name":"wp","href":"https:\/\/api.w.org\/{rel}","templated":true}]}}