{"id":404,"date":"2019-11-27T17:41:57","date_gmt":"2019-11-27T20:41:57","guid":{"rendered":"https:\/\/bardomeionoronha.com\/lojadobar\/?post_type=product&#038;p=404"},"modified":"2021-11-29T19:25:46","modified_gmt":"2021-11-29T22:25:46","slug":"bangalo-44","status":"publish","type":"product","link":"https:\/\/bardomeionoronha.com\/lojadobar\/produto\/bangalo-44\/","title":{"rendered":"BANGAL\u00d4 44 BM"},"content":{"rendered":"<div><a href=\"https:\/\/api.whatsapp.com\/send?1=pt_BR&amp;phone=558197006528\">LOJA DO BAR DESATIVADA, fa\u00e7a via WhatsApp<\/a><\/div>\n<p>Espa\u00e7o Praia \u2022 bangal\u00f4 44.capacidade de at\u00e9 6 pessoas.<\/p>\n","protected":false},"excerpt":{"rendered":"<div><a href=\"https:\/\/api.whatsapp.com\/send?1=pt_BR&amp;phone=558197006528\">LOJA DO BAR DESATIVADA, fa\u00e7a via WhatsApp<\/a><\/div>\n<p>&nbsp;<\/p>\n<p>Com vista para a Praia da Concei\u00e7\u00e3o comporta at\u00e9 6 pessoas. Cont\u00eam:<\/p>\n<p>1 cama<br \/>\n1 mesa<br \/>\n2 cadeiras com encosto<br \/>\n3 almofadas<br \/>\nilumina\u00e7\u00e3o interna<\/p>\n<p>O bangal\u00f4 tem extens\u00e3o para a nossa varanda, onde a noite a sua ilumina\u00e7\u00e3o \u00e9 refor\u00e7ada com tochas de fogo, para completar o clima praiano.<\/p>\n<p>&nbsp;<\/p>\n<p>O valor cobrado \u00e9 convertido em consuma\u00e7\u00e3o m\u00ednima. Ao ultrapassar o mesmo, o restante \u00e9 cobrado no local. A reserva fica dispon\u00edvel a partir das 13h at\u00e9 \u00e0s 18h. Ap\u00f3s este hor\u00e1rio n\u00e3o garantimos seu espa\u00e7o. card\u00e1pio online\u00a0<a href=\"http:\/\/bardomeionoronha.com\/cardapio\" target=\"_blank\" rel=\"noopener\">http:\/\/bardomeionoronha.com\/cardapio\u00a0<\/a><\/p>\n","protected":false},"featured_media":494,"comment_status":"open","ping_status":"closed","template":"","meta":{"_exactmetrics_skip_tracking":false,"_exactmetrics_sitenote_active":false,"_exactmetrics_sitenote_note":"","_exactmetrics_sitenote_category":0},"product_brand":[],"product_cat":[59,15],"product_tag":[80,79,68,69,70],"class_list":{"0":"post-404","1":"product","2":"type-product","3":"status-publish","4":"has-post-thumbnail","6":"product_cat-bangalos","7":"product_cat-servicos","8":"product_tag-bangalo45","9":"product_tag-bangalobardomeio","10":"product_tag-bardomeionoronha","11":"product_tag-noronha","12":"product_tag-pordosolbardomeio","14":"first","15":"instock","16":"virtual","17":"taxable","18":"purchasable","19":"product-type-phive_booking"},"_links":{"self":[{"href":"https:\/\/bardomeionoronha.com\/lojadobar\/wp-json\/wp\/v2\/product\/404","targetHints":{"allow":["GET"]}}],"collection":[{"href":"https:\/\/bardomeionoronha.com\/lojadobar\/wp-json\/wp\/v2\/product"}],"about":[{"href":"https:\/\/bardomeionoronha.com\/lojadobar\/wp-json\/wp\/v2\/types\/product"}],"replies":[{"embeddable":true,"href":"https:\/\/bardomeionoronha.com\/lojadobar\/wp-json\/wp\/v2\/comments?post=404"}],"wp:featuredmedia":[{"embeddable":true,"href":"https:\/\/bardomeionoronha.com\/lojadobar\/wp-json\/wp\/v2\/media\/494"}],"wp:attachment":[{"href":"https:\/\/bardomeionoronha.com\/lojadobar\/wp-json\/wp\/v2\/media?parent=404"}],"wp:term":[{"taxonomy":"product_brand","embeddable":true,"href":"https:\/\/bardomeionoronha.com\/lojadobar\/wp-json\/wp\/v2\/product_brand?post=404"},{"taxonomy":"product_cat","embeddable":true,"href":"https:\/\/bardomeionoronha.com\/lojadobar\/wp-json\/wp\/v2\/product_cat?post=404"},{"taxonomy":"product_tag","embeddable":true,"href":"https:\/\/bardomeionoronha.com\/lojadobar\/wp-json\/wp\/v2\/product_tag?post=404"}],"curies":[{"name":"wp","href":"https:\/\/api.w.org\/{rel}","templated":true}]}}