{"id":403,"date":"2019-11-27T17:38:41","date_gmt":"2019-11-27T20:38:41","guid":{"rendered":"https:\/\/bardomeionoronha.com\/lojadobar\/?post_type=product&#038;p=403"},"modified":"2021-11-29T19:38:19","modified_gmt":"2021-11-29T22:38:19","slug":"bangalo-43","status":"publish","type":"product","link":"https:\/\/bardomeionoronha.com\/lojadobar\/produto\/bangalo-43\/","title":{"rendered":"BANGAL\u00d4 43 BM"},"content":{"rendered":"<div><a href=\"https:\/\/api.whatsapp.com\/send?1=pt_BR&amp;phone=558197006528\">LOJA DO BAR DESATIVADA, fa\u00e7a via WhatsApp<\/a><\/div>\n<p>Espa\u00e7o Praia \u2022 bangal\u00f4 43, capacidade para at\u00e9 6 pessoas<\/p>\n<div><\/div>\n","protected":false},"excerpt":{"rendered":"<div>\n<p><a href=\"https:\/\/api.whatsapp.com\/send?1=pt_BR&amp;phone=558197006528\">LOJA DO BAR DESATIVADA, fa\u00e7a via WhatsApp<\/a><\/p>\n<p>Com vista para a Praia da Concei\u00e7\u00e3o comporta at\u00e9 6 pessoas. Cont\u00eam:<\/p>\n<p>1 cama,<br \/>\n1 mesa<br \/>\n2 cadeiras com encosto<br \/>\n3 almofadas<br \/>\nilumina\u00e7\u00e3o interna<\/p>\n<p>O 43 \u00e9 o primeiro da sequ\u00eancia, o mais pr\u00f3ximo do bar, com extens\u00e3o para a varanda, onde a noite a sua ilumina\u00e7\u00e3o \u00e9 refor\u00e7ada com tochas de fogo, para completar o clima praiano.<\/p>\n<\/div>\n<div>\n<p>O valor cobrado \u00e9 convertido em consuma\u00e7\u00e3o m\u00ednima. Ao ultrapassar o mesmo, o restante \u00e9 cobrado no local. A reserva fica dispon\u00edvel a partir das 13h at\u00e9 \u00e0s 18h. Ap\u00f3s este hor\u00e1rio n\u00e3o garantimos seu espa\u00e7o. card\u00e1pio online\u00a0<a href=\"http:\/\/bardomeionoronha.com\/cardapio\" target=\"_blank\" rel=\"noopener\">http:\/\/bardomeionoronha.com\/cardapio\u00a0<\/a><\/p>\n<\/div>\n","protected":false},"featured_media":1261,"comment_status":"open","ping_status":"closed","template":"","meta":{"_exactmetrics_skip_tracking":false,"_exactmetrics_sitenote_active":false,"_exactmetrics_sitenote_note":"","_exactmetrics_sitenote_category":0},"product_brand":[],"product_cat":[59,15],"product_tag":[],"class_list":{"0":"post-403","1":"product","2":"type-product","3":"status-publish","4":"has-post-thumbnail","6":"product_cat-bangalos","7":"product_cat-servicos","9":"first","10":"instock","11":"virtual","12":"taxable","13":"purchasable","14":"product-type-phive_booking"},"_links":{"self":[{"href":"https:\/\/bardomeionoronha.com\/lojadobar\/wp-json\/wp\/v2\/product\/403","targetHints":{"allow":["GET"]}}],"collection":[{"href":"https:\/\/bardomeionoronha.com\/lojadobar\/wp-json\/wp\/v2\/product"}],"about":[{"href":"https:\/\/bardomeionoronha.com\/lojadobar\/wp-json\/wp\/v2\/types\/product"}],"replies":[{"embeddable":true,"href":"https:\/\/bardomeionoronha.com\/lojadobar\/wp-json\/wp\/v2\/comments?post=403"}],"wp:featuredmedia":[{"embeddable":true,"href":"https:\/\/bardomeionoronha.com\/lojadobar\/wp-json\/wp\/v2\/media\/1261"}],"wp:attachment":[{"href":"https:\/\/bardomeionoronha.com\/lojadobar\/wp-json\/wp\/v2\/media?parent=403"}],"wp:term":[{"taxonomy":"product_brand","embeddable":true,"href":"https:\/\/bardomeionoronha.com\/lojadobar\/wp-json\/wp\/v2\/product_brand?post=403"},{"taxonomy":"product_cat","embeddable":true,"href":"https:\/\/bardomeionoronha.com\/lojadobar\/wp-json\/wp\/v2\/product_cat?post=403"},{"taxonomy":"product_tag","embeddable":true,"href":"https:\/\/bardomeionoronha.com\/lojadobar\/wp-json\/wp\/v2\/product_tag?post=403"}],"curies":[{"name":"wp","href":"https:\/\/api.w.org\/{rel}","templated":true}]}}