{"id":291,"date":"2019-10-16T17:31:53","date_gmt":"2019-10-16T20:31:53","guid":{"rendered":"https:\/\/bardomeionoronha.com\/lojadobar\/?post_type=product&#038;p=291"},"modified":"2021-11-29T19:32:59","modified_gmt":"2021-11-29T22:32:59","slug":"lounge-39","status":"publish","type":"product","link":"https:\/\/bardomeionoronha.com\/lojadobar\/produto\/lounge-39\/","title":{"rendered":"LOUNGE 39 BM"},"content":{"rendered":"<p><a href=\"https:\/\/api.whatsapp.com\/send?1=pt_BR&amp;phone=558197006528\">LOJA DO BAR DESATIVADA, fa\u00e7a via WhatsApp<\/a><br \/>\nEspa\u00e7o Praia \u2022 lounge 39, capacidade de at\u00e9 6 pessoas<\/p>\n","protected":false},"excerpt":{"rendered":"<p><a href=\"https:\/\/api.whatsapp.com\/send?1=pt_BR&amp;phone=558197006528\">LOJA DO BAR DESATIVADA, fa\u00e7a via WhatsApp<\/a><br \/>\nO 2\u00ba da direita para esquerda, comporta at\u00e9 6 pessoas. Cont\u00eam:<\/p>\n<p>1 cama<br \/>\n3 almofadas<br \/>\n2 poltronas<br \/>\n2 banquinhos de madeira<br \/>\n2 mesas pequenas de apoio<br \/>\n1 tenda \u00e1rabe<\/p>\n<p>&nbsp;<\/p>\n<p>O valor cobrado \u00e9 convertido em consuma\u00e7\u00e3o m\u00ednima. Ao ultrapassar o mesmo, o restante \u00e9 cobrado no local. A reserva fica dispon\u00edvel a partir das 13h at\u00e9 \u00e0s 18h. Ap\u00f3s este hor\u00e1rio n\u00e3o garantimos seu espa\u00e7o. card\u00e1pio online\u00a0<a href=\"http:\/\/bardomeionoronha.com\/cardapio\" target=\"_blank\" rel=\"noopener\">http:\/\/bardomeionoronha.com\/cardapio\u00a0<\/a><\/p>\n","protected":false},"featured_media":608,"comment_status":"open","ping_status":"closed","template":"","meta":{"_exactmetrics_skip_tracking":false,"_exactmetrics_sitenote_active":false,"_exactmetrics_sitenote_note":"","_exactmetrics_sitenote_category":0},"product_brand":[],"product_cat":[50,15],"product_tag":[68,67,69,70],"class_list":{"0":"post-291","1":"product","2":"type-product","3":"status-publish","4":"has-post-thumbnail","6":"product_cat-lounges","7":"product_cat-servicos","8":"product_tag-bardomeionoronha","9":"product_tag-loungebardomeio","10":"product_tag-noronha","11":"product_tag-pordosolbardomeio","13":"first","14":"instock","15":"virtual","16":"taxable","17":"purchasable","18":"product-type-phive_booking"},"_links":{"self":[{"href":"https:\/\/bardomeionoronha.com\/lojadobar\/wp-json\/wp\/v2\/product\/291","targetHints":{"allow":["GET"]}}],"collection":[{"href":"https:\/\/bardomeionoronha.com\/lojadobar\/wp-json\/wp\/v2\/product"}],"about":[{"href":"https:\/\/bardomeionoronha.com\/lojadobar\/wp-json\/wp\/v2\/types\/product"}],"replies":[{"embeddable":true,"href":"https:\/\/bardomeionoronha.com\/lojadobar\/wp-json\/wp\/v2\/comments?post=291"}],"wp:featuredmedia":[{"embeddable":true,"href":"https:\/\/bardomeionoronha.com\/lojadobar\/wp-json\/wp\/v2\/media\/608"}],"wp:attachment":[{"href":"https:\/\/bardomeionoronha.com\/lojadobar\/wp-json\/wp\/v2\/media?parent=291"}],"wp:term":[{"taxonomy":"product_brand","embeddable":true,"href":"https:\/\/bardomeionoronha.com\/lojadobar\/wp-json\/wp\/v2\/product_brand?post=291"},{"taxonomy":"product_cat","embeddable":true,"href":"https:\/\/bardomeionoronha.com\/lojadobar\/wp-json\/wp\/v2\/product_cat?post=291"},{"taxonomy":"product_tag","embeddable":true,"href":"https:\/\/bardomeionoronha.com\/lojadobar\/wp-json\/wp\/v2\/product_tag?post=291"}],"curies":[{"name":"wp","href":"https:\/\/api.w.org\/{rel}","templated":true}]}}