{"id":2023,"date":"2021-04-24T21:18:21","date_gmt":"2021-04-25T00:18:21","guid":{"rendered":"https:\/\/bardomeionoronha.com\/lojadobar\/?post_type=product&#038;p=2023"},"modified":"2021-11-29T18:48:26","modified_gmt":"2021-11-29T21:48:26","slug":"bangalo-42-bdm","status":"publish","type":"product","link":"https:\/\/bardomeionoronha.com\/lojadobar\/produto\/bangalo-42-bdm\/","title":{"rendered":"BANGAL\u00d4 42 BM"},"content":{"rendered":"<p><a href=\"https:\/\/api.whatsapp.com\/send?1=pt_BR&amp;phone=558197006528\">LOJA DO BAR DESATIVADA, fa\u00e7a via WhatsApp<\/a><br \/>\nEspa\u00e7o Praia \u2022 bangal\u00f4 42. Capacidade de at\u00e9 3 pessoas.<\/p>\n","protected":false},"excerpt":{"rendered":"<p><a href=\"https:\/\/api.whatsapp.com\/send?1=pt_BR&amp;phone=558197006528\">LOJA DO BAR DESATIVADA, fa\u00e7a via WhatsApp<\/a><\/p>\n<p>O 1\u00ba e mais isolado pr\u00f3ximo ao mar, comporta:<\/p>\n<p>at\u00e9 3 pessoas<br \/>\n1 cama,<br \/>\n3 almofadas<br \/>\n1 banquinho de madeira<br \/>\n1 mesas pequenas de apoio<br \/>\nteto de palha<\/p>\n<p>O valor cobrado \u00e9 convertido em consuma\u00e7\u00e3o m\u00ednima. Ao ultrapassar o mesmo, o restante \u00e9 cobrado no local.<\/p>\n<p>A reserva fica dispon\u00edvel a partir das 13h at\u00e9 \u00e0s 18h. Ap\u00f3s este hor\u00e1rio n\u00e3o garantimos seu espa\u00e7o. card\u00e1pio online\u00a0<a href=\"http:\/\/bardomeionoronha.com\/cardapio\" target=\"_blank\" rel=\"noopener\">http:\/\/bardomeionoronha.com\/cardapio\u00a0<\/a><\/p>\n","protected":false},"featured_media":650,"comment_status":"open","ping_status":"closed","template":"","meta":{"_exactmetrics_skip_tracking":false,"_exactmetrics_sitenote_active":false,"_exactmetrics_sitenote_note":"","_exactmetrics_sitenote_category":0},"product_brand":[],"product_cat":[59,15],"product_tag":[],"class_list":{"0":"post-2023","1":"product","2":"type-product","3":"status-publish","4":"has-post-thumbnail","6":"product_cat-bangalos","7":"product_cat-servicos","9":"first","10":"instock","11":"virtual","12":"taxable","13":"purchasable","14":"product-type-phive_booking"},"_links":{"self":[{"href":"https:\/\/bardomeionoronha.com\/lojadobar\/wp-json\/wp\/v2\/product\/2023","targetHints":{"allow":["GET"]}}],"collection":[{"href":"https:\/\/bardomeionoronha.com\/lojadobar\/wp-json\/wp\/v2\/product"}],"about":[{"href":"https:\/\/bardomeionoronha.com\/lojadobar\/wp-json\/wp\/v2\/types\/product"}],"replies":[{"embeddable":true,"href":"https:\/\/bardomeionoronha.com\/lojadobar\/wp-json\/wp\/v2\/comments?post=2023"}],"wp:featuredmedia":[{"embeddable":true,"href":"https:\/\/bardomeionoronha.com\/lojadobar\/wp-json\/wp\/v2\/media\/650"}],"wp:attachment":[{"href":"https:\/\/bardomeionoronha.com\/lojadobar\/wp-json\/wp\/v2\/media?parent=2023"}],"wp:term":[{"taxonomy":"product_brand","embeddable":true,"href":"https:\/\/bardomeionoronha.com\/lojadobar\/wp-json\/wp\/v2\/product_brand?post=2023"},{"taxonomy":"product_cat","embeddable":true,"href":"https:\/\/bardomeionoronha.com\/lojadobar\/wp-json\/wp\/v2\/product_cat?post=2023"},{"taxonomy":"product_tag","embeddable":true,"href":"https:\/\/bardomeionoronha.com\/lojadobar\/wp-json\/wp\/v2\/product_tag?post=2023"}],"curies":[{"name":"wp","href":"https:\/\/api.w.org\/{rel}","templated":true}]}}