{"id":1628,"date":"2021-03-30T13:36:04","date_gmt":"2021-03-30T16:36:04","guid":{"rendered":"https:\/\/bardomeionoronha.com\/lojadobar\/?post_type=product&#038;p=1628"},"modified":"2021-11-29T19:03:12","modified_gmt":"2021-11-29T22:03:12","slug":"deck2","status":"publish","type":"product","link":"https:\/\/bardomeionoronha.com\/lojadobar\/produto\/deck2\/","title":{"rendered":"DECK 2 BM"},"content":{"rendered":"<p><a href=\"https:\/\/api.whatsapp.com\/send?1=pt_BR&amp;phone=558197006528\">LOJA DO BAR DESATIVADA, fa\u00e7a via WhatsApp<\/a><\/p>\n<p>Espa\u00e7o Praia \u2022 deck no 2\u00ba andar, o primeiro da direita para a esquerda, o mais pr\u00f3ximo da escada. Capacidade de at\u00e9 10 pessoas.<\/p>\n","protected":false},"excerpt":{"rendered":"<p><a href=\"https:\/\/api.whatsapp.com\/send?1=pt_BR&amp;phone=558197006528\">LOJA DO BAR DESATIVADA, fa\u00e7a via WhatsApp<\/a><\/p>\n<p>Com gar\u00e7om exclusivo, localizado no 2\u00ba andar, \u00e9 perfeito para mais privacidade e um p\u00f4r do sol particular. A 6 metros do banheiro e um pouco maior do que o deck 3:<br \/>\ncapacidade at\u00e9 10 pessoas<br \/>\n1 sof\u00e1<br \/>\n1 mesa<br \/>\n5 almofadas<br \/>\n4 cadeiras<br \/>\n1 mesinha de centro<br \/>\nilumina\u00e7\u00e3o interna com uma atmosfera \u00fanica.<\/p>\n<p>Caso desejado, chegue 30 minutos antes para decorar seu espa\u00e7o. N\u00e3o nos responsabilizamos por decora\u00e7\u00e3o, bolo ou doces.<\/p>\n<p>O valor cobrado \u00e9 convertido em consuma\u00e7\u00e3o. Ao ultrapassar o mesmo, o restante \u00e9 cobrado no local.<\/p>\n<p>A reserva fica dispon\u00edvel a partir das 13h at\u00e9 \u00e0s 18h. Ap\u00f3s este hor\u00e1rio n\u00e3o garantimos seu espa\u00e7o. (deck 61) card\u00e1pio online <a href=\"http:\/\/bardomeionoronha.com\/cardapio\" target=\"_blank\" rel=\"noopener\">http:\/\/bardomeionoronha.com\/cardapio\u00a0<\/a><\/p>\n","protected":false},"featured_media":1968,"comment_status":"closed","ping_status":"closed","template":"","meta":{"_exactmetrics_skip_tracking":false,"_exactmetrics_sitenote_active":false,"_exactmetrics_sitenote_note":"","_exactmetrics_sitenote_category":0},"product_brand":[],"product_cat":[62,65,15],"product_tag":[71,68,88,90,89],"class_list":{"0":"post-1628","1":"product","2":"type-product","3":"status-publish","4":"has-post-thumbnail","6":"product_cat-deck","7":"product_cat-eventos","8":"product_cat-servicos","9":"product_tag-bardomeio","10":"product_tag-bardomeionoronha","11":"product_tag-deckbardomeionoronha","12":"product_tag-praiadaconceicao","13":"product_tag-praiadomeio","15":"first","16":"instock","17":"virtual","18":"taxable","19":"product-type-phive_booking"},"_links":{"self":[{"href":"https:\/\/bardomeionoronha.com\/lojadobar\/wp-json\/wp\/v2\/product\/1628","targetHints":{"allow":["GET"]}}],"collection":[{"href":"https:\/\/bardomeionoronha.com\/lojadobar\/wp-json\/wp\/v2\/product"}],"about":[{"href":"https:\/\/bardomeionoronha.com\/lojadobar\/wp-json\/wp\/v2\/types\/product"}],"replies":[{"embeddable":true,"href":"https:\/\/bardomeionoronha.com\/lojadobar\/wp-json\/wp\/v2\/comments?post=1628"}],"wp:featuredmedia":[{"embeddable":true,"href":"https:\/\/bardomeionoronha.com\/lojadobar\/wp-json\/wp\/v2\/media\/1968"}],"wp:attachment":[{"href":"https:\/\/bardomeionoronha.com\/lojadobar\/wp-json\/wp\/v2\/media?parent=1628"}],"wp:term":[{"taxonomy":"product_brand","embeddable":true,"href":"https:\/\/bardomeionoronha.com\/lojadobar\/wp-json\/wp\/v2\/product_brand?post=1628"},{"taxonomy":"product_cat","embeddable":true,"href":"https:\/\/bardomeionoronha.com\/lojadobar\/wp-json\/wp\/v2\/product_cat?post=1628"},{"taxonomy":"product_tag","embeddable":true,"href":"https:\/\/bardomeionoronha.com\/lojadobar\/wp-json\/wp\/v2\/product_tag?post=1628"}],"curies":[{"name":"wp","href":"https:\/\/api.w.org\/{rel}","templated":true}]}}