{"id":1292,"date":"2021-01-19T10:23:06","date_gmt":"2021-01-19T13:23:06","guid":{"rendered":"https:\/\/bardomeionoronha.com\/lojadobar\/?post_type=product&#038;p=1292"},"modified":"2021-11-29T18:53:34","modified_gmt":"2021-11-29T21:53:34","slug":"varanda","status":"publish","type":"product","link":"https:\/\/bardomeionoronha.com\/lojadobar\/produto\/varanda\/","title":{"rendered":"VARANDA MESA 1 BM"},"content":{"rendered":"<div><a href=\"https:\/\/api.whatsapp.com\/send?1=pt_BR&amp;phone=558197006528\">LOJA DO BAR DESATIVADA, fa\u00e7a via WhatsApp<\/a><\/div>\n<p>Espa\u00e7o Praia \u2022 1 mesa na varanda com at\u00e9 4 cadeiras com encosto<\/p>\n","protected":false},"excerpt":{"rendered":"<div><a href=\"https:\/\/api.whatsapp.com\/send?1=pt_BR&amp;phone=558197006528\">LOJA DO BAR DESATIVADA, fa\u00e7a via WhatsApp<\/a><\/div>\n<div><\/div>\n<p>Localizado na frente dos bangal\u00f4s, pr\u00f3ximo a imagem do Buda mais disputado da casa, a varanda possui 4 mesas, onde cada uma comporta at\u00e9 4 cadeiras. N\u00e3o sabemos qual delas estar\u00e1 dispon\u00edvel, mas o p\u00f4r do sol \u00e9 mais que garantido.<\/p>\n<p>O valor cobrado \u00e9 convertido em consuma\u00e7\u00e3o. Ao ultrapassar o mesmo, o restante \u00e9 cobrado no local.<\/p>\n","protected":false},"featured_media":1293,"comment_status":"closed","ping_status":"closed","template":"","meta":{"_exactmetrics_skip_tracking":false,"_exactmetrics_sitenote_active":false,"_exactmetrics_sitenote_note":"","_exactmetrics_sitenote_category":0},"product_brand":[],"product_cat":[15,84],"product_tag":[71,68,92,85,69,91,83,86],"class_list":{"0":"post-1292","1":"product","2":"type-product","3":"status-publish","4":"has-post-thumbnail","6":"product_cat-servicos","7":"product_cat-varanda","8":"product_tag-bardomeio","9":"product_tag-bardomeionoronha","10":"product_tag-budabardomeio","11":"product_tag-espacopraia","12":"product_tag-noronha","13":"product_tag-pordosol","14":"product_tag-pordosolnoronha","15":"product_tag-varandabardomeio","17":"first","18":"instock","19":"virtual","20":"taxable","21":"purchasable","22":"product-type-phive_booking"},"_links":{"self":[{"href":"https:\/\/bardomeionoronha.com\/lojadobar\/wp-json\/wp\/v2\/product\/1292","targetHints":{"allow":["GET"]}}],"collection":[{"href":"https:\/\/bardomeionoronha.com\/lojadobar\/wp-json\/wp\/v2\/product"}],"about":[{"href":"https:\/\/bardomeionoronha.com\/lojadobar\/wp-json\/wp\/v2\/types\/product"}],"replies":[{"embeddable":true,"href":"https:\/\/bardomeionoronha.com\/lojadobar\/wp-json\/wp\/v2\/comments?post=1292"}],"wp:featuredmedia":[{"embeddable":true,"href":"https:\/\/bardomeionoronha.com\/lojadobar\/wp-json\/wp\/v2\/media\/1293"}],"wp:attachment":[{"href":"https:\/\/bardomeionoronha.com\/lojadobar\/wp-json\/wp\/v2\/media?parent=1292"}],"wp:term":[{"taxonomy":"product_brand","embeddable":true,"href":"https:\/\/bardomeionoronha.com\/lojadobar\/wp-json\/wp\/v2\/product_brand?post=1292"},{"taxonomy":"product_cat","embeddable":true,"href":"https:\/\/bardomeionoronha.com\/lojadobar\/wp-json\/wp\/v2\/product_cat?post=1292"},{"taxonomy":"product_tag","embeddable":true,"href":"https:\/\/bardomeionoronha.com\/lojadobar\/wp-json\/wp\/v2\/product_tag?post=1292"}],"curies":[{"name":"wp","href":"https:\/\/api.w.org\/{rel}","templated":true}]}}