{"id":1209,"date":"2020-11-19T14:54:16","date_gmt":"2020-11-19T17:54:16","guid":{"rendered":"https:\/\/bardomeionoronha.com\/lojadobar\/?post_type=product&#038;p=1209"},"modified":"2021-11-29T19:34:20","modified_gmt":"2021-11-29T22:34:20","slug":"lounge-38","status":"publish","type":"product","link":"https:\/\/bardomeionoronha.com\/lojadobar\/produto\/lounge-38\/","title":{"rendered":"LOUNGE 38 BM"},"content":{"rendered":"<div><a href=\"https:\/\/api.whatsapp.com\/send?1=pt_BR&amp;phone=558197006528\">LOJA DO BAR DESATIVADA, fa\u00e7a via WhatsApp<\/a><\/div>\n<p>Espa\u00e7o Praia \u2022 lounge 38, capacidade de at\u00e9 4 pessoas<\/p>\n","protected":false},"excerpt":{"rendered":"<div><a href=\"https:\/\/api.whatsapp.com\/send?1=pt_BR&amp;phone=558197006528\">LOJA DO BAR DESATIVADA, fa\u00e7a via WhatsApp<\/a><\/div>\n<div><\/div>\n<p>O 1\u00ba da direita para a esquerda. De frente para o mar da Praia da Concei\u00e7\u00e3o, comporta at\u00e9 4 pessoas, possui 1 cama, 3 almofadas pequenas, 1 almofada grande de ch\u00e3o, 2 banquinhos de madeira e 1 tenda \u00e1rabe.<\/p>\n<p>O valor cobrado \u00e9 convertido em consuma\u00e7\u00e3o m\u00ednima. Ao ultrapassar o mesmo, o restante \u00e9 cobrado no local.<\/p>\n<p>A reserva fica dispon\u00edvel a partir das 13h at\u00e9 \u00e0s 18h. Ap\u00f3s este hor\u00e1rio n\u00e3o garantimos seu espa\u00e7o. card\u00e1pio online\u00a0<a href=\"http:\/\/bardomeionoronha.com\/cardapio\" target=\"_blank\" rel=\"noopener\">http:\/\/bardomeionoronha.com\/cardapio\u00a0<\/a><\/p>\n","protected":false},"featured_media":496,"comment_status":"open","ping_status":"closed","template":"","meta":{"_exactmetrics_skip_tracking":false,"_exactmetrics_sitenote_active":false,"_exactmetrics_sitenote_note":"","_exactmetrics_sitenote_category":0},"product_brand":[],"product_cat":[50,15],"product_tag":[71,68,67,69,70,72],"class_list":{"0":"post-1209","1":"product","2":"type-product","3":"status-publish","4":"has-post-thumbnail","6":"product_cat-lounges","7":"product_cat-servicos","8":"product_tag-bardomeio","9":"product_tag-bardomeionoronha","10":"product_tag-loungebardomeio","11":"product_tag-noronha","12":"product_tag-pordosolbardomeio","13":"product_tag-tendaarabe","15":"first","16":"instock","17":"virtual","18":"taxable","19":"purchasable","20":"product-type-phive_booking"},"_links":{"self":[{"href":"https:\/\/bardomeionoronha.com\/lojadobar\/wp-json\/wp\/v2\/product\/1209","targetHints":{"allow":["GET"]}}],"collection":[{"href":"https:\/\/bardomeionoronha.com\/lojadobar\/wp-json\/wp\/v2\/product"}],"about":[{"href":"https:\/\/bardomeionoronha.com\/lojadobar\/wp-json\/wp\/v2\/types\/product"}],"replies":[{"embeddable":true,"href":"https:\/\/bardomeionoronha.com\/lojadobar\/wp-json\/wp\/v2\/comments?post=1209"}],"wp:featuredmedia":[{"embeddable":true,"href":"https:\/\/bardomeionoronha.com\/lojadobar\/wp-json\/wp\/v2\/media\/496"}],"wp:attachment":[{"href":"https:\/\/bardomeionoronha.com\/lojadobar\/wp-json\/wp\/v2\/media?parent=1209"}],"wp:term":[{"taxonomy":"product_brand","embeddable":true,"href":"https:\/\/bardomeionoronha.com\/lojadobar\/wp-json\/wp\/v2\/product_brand?post=1209"},{"taxonomy":"product_cat","embeddable":true,"href":"https:\/\/bardomeionoronha.com\/lojadobar\/wp-json\/wp\/v2\/product_cat?post=1209"},{"taxonomy":"product_tag","embeddable":true,"href":"https:\/\/bardomeionoronha.com\/lojadobar\/wp-json\/wp\/v2\/product_tag?post=1209"}],"curies":[{"name":"wp","href":"https:\/\/api.w.org\/{rel}","templated":true}]}}