{"id":1009,"date":"2020-07-22T11:15:25","date_gmt":"2020-07-22T14:15:25","guid":{"rendered":"https:\/\/bardomeionoronha.com\/lojadobar\/?post_type=product&#038;p=1009"},"modified":"2021-11-29T19:04:17","modified_gmt":"2021-11-29T22:04:17","slug":"couvert-artistico","status":"publish","type":"product","link":"https:\/\/bardomeionoronha.com\/lojadobar\/produto\/couvert-artistico\/","title":{"rendered":"COUVERT ART\u00cdSTICO BM"},"content":{"rendered":"<div><a href=\"https:\/\/api.whatsapp.com\/send?1=pt_BR&amp;phone=558197006528\">LOJA DO BAR DESATIVADA, fa\u00e7a via WhatsApp<\/a><\/div>\n<div><\/div>\n<p>Couvert Art\u00edstico \u2022 servi\u00e7o de m\u00fasica ao vivo<\/p>\n","protected":false},"excerpt":{"rendered":"<p>O Bar do Meio Noronha disponibiliza shows ao vivo todos os dias, a partir das 17h45 at\u00e9 \u00e0s 21h.<\/p>\n<p>O servi\u00e7o de cantor e banda \u00e9 cobrado o valor simb\u00f3lico de 15 reais, onde n\u00e3o \u00e9 retido para a casa e sim somente para os m\u00fasicos.<\/p>\n<p>Por isso n\u00e3o deixe de contribuir e ajude os artistas locais. Antes desse hor\u00e1rio o espa\u00e7o contem m\u00fasica ambiente.<\/p>\n","protected":false},"featured_media":1010,"comment_status":"open","ping_status":"closed","template":"","meta":{"_exactmetrics_skip_tracking":false,"_exactmetrics_sitenote_active":false,"_exactmetrics_sitenote_note":"","_exactmetrics_sitenote_category":0},"product_brand":[],"product_cat":[96],"product_tag":[71,68,93,94,95],"class_list":{"0":"post-1009","1":"product","2":"type-product","3":"status-publish","4":"has-post-thumbnail","6":"product_cat-couvert-artistico","7":"product_tag-bardomeio","8":"product_tag-bardomeionoronha","9":"product_tag-couvertartistico","10":"product_tag-showaovivo","11":"product_tag-shownapraia","13":"first","14":"outofstock","15":"taxable","16":"shipping-taxable","17":"product-type-simple"},"_links":{"self":[{"href":"https:\/\/bardomeionoronha.com\/lojadobar\/wp-json\/wp\/v2\/product\/1009","targetHints":{"allow":["GET"]}}],"collection":[{"href":"https:\/\/bardomeionoronha.com\/lojadobar\/wp-json\/wp\/v2\/product"}],"about":[{"href":"https:\/\/bardomeionoronha.com\/lojadobar\/wp-json\/wp\/v2\/types\/product"}],"replies":[{"embeddable":true,"href":"https:\/\/bardomeionoronha.com\/lojadobar\/wp-json\/wp\/v2\/comments?post=1009"}],"wp:featuredmedia":[{"embeddable":true,"href":"https:\/\/bardomeionoronha.com\/lojadobar\/wp-json\/wp\/v2\/media\/1010"}],"wp:attachment":[{"href":"https:\/\/bardomeionoronha.com\/lojadobar\/wp-json\/wp\/v2\/media?parent=1009"}],"wp:term":[{"taxonomy":"product_brand","embeddable":true,"href":"https:\/\/bardomeionoronha.com\/lojadobar\/wp-json\/wp\/v2\/product_brand?post=1009"},{"taxonomy":"product_cat","embeddable":true,"href":"https:\/\/bardomeionoronha.com\/lojadobar\/wp-json\/wp\/v2\/product_cat?post=1009"},{"taxonomy":"product_tag","embeddable":true,"href":"https:\/\/bardomeionoronha.com\/lojadobar\/wp-json\/wp\/v2\/product_tag?post=1009"}],"curies":[{"name":"wp","href":"https:\/\/api.w.org\/{rel}","templated":true}]}}